{"id":8282,"date":"2023-01-14T00:30:07","date_gmt":"2023-01-14T00:30:07","guid":{"rendered":"https:\/\/paneldeko.com\/?page_id=8282"},"modified":"2023-11-19T20:10:54","modified_gmt":"2023-11-19T20:10:54","slug":"projeler","status":"publish","type":"page","link":"https:\/\/paneldeko.com\/tr\/projeler\/","title":{"rendered":"PROJELER"},"content":{"rendered":"\t\t<div data-elementor-type=\"wp-page\" data-elementor-id=\"8282\" class=\"elementor elementor-8282\" data-elementor-post-type=\"page\">\n\t\t\t\t\t\t\t\t\t<section class=\"elementor-section elementor-top-section elementor-element elementor-element-8e4d5a8 elementor-section-full_width elementor-section-height-default elementor-section-height-default\" data-id=\"8e4d5a8\" data-element_type=\"section\">\n\t\t\t\t\t\t<div class=\"elementor-container elementor-column-gap-narrow\">\n\t\t\t\t\t<div class=\"elementor-column elementor-col-100 elementor-top-column elementor-element elementor-element-e8a2391\" data-id=\"e8a2391\" data-element_type=\"column\">\n\t\t\t<div class=\"elementor-widget-wrap elementor-element-populated\">\n\t\t\t\t\t\t\t\t<div class=\"elementor-element elementor-element-209ad7c elementor-widget elementor-widget-tp-blog-listout\" data-id=\"209ad7c\" data-element_type=\"widget\" data-widget_type=\"tp-blog-listout.default\">\n\t\t\t\t<div class=\"elementor-widget-container\">\n\t\t\t<div id=\"pt-plus-blog-post-list\" class=\"blog-list post69f35e583edaf  list-isotope  blog-style-2 hover-image-style-1 layout-style-1 \"  data-layout-type=\"fitRows\"   data-id=\"post69f35e583edaf\" data-style=\"style-2\"  data-enable-isotope=\"1\"><div id=\"post69f35e583edaf\" class=\"tp-row post-inner-loop post69f35e583edaf text-center  \"><div class=\"grid-item metro-item  tp-col-lg-4 tp-col-md-4 tp-col-sm-6 tp-col-6  \"><article id=\"post-7270\" class=\"post-7270 post type-post status-publish format-standard has-post-thumbnail hentry category-commercial-projects\">\n\t<div class=\"blog-list-content\">\n\t\t\t\t<div class=\"post-content-image\">\n\t\t\t<a href=\"https:\/\/paneldeko.com\/tr\/ticari-mekanlar\/\">\n\t\t\t\t\t<div class=\"blog-featured-image \">\n\t<span class=\"thumb-wrap\">\n\t\t<img loading=\"lazy\" decoding=\"async\" width=\"700\" height=\"700\" src=\"https:\/\/paneldeko.com\/wp-content\/uploads\/2022\/12\/700-Windsor-BrownGold_5-700x700.jpeg\" class=\"attachment-tp-image-grid size-tp-image-grid\" alt=\"\" srcset=\"https:\/\/paneldeko.com\/wp-content\/uploads\/2022\/12\/700-Windsor-BrownGold_5-700x700.jpeg 700w, https:\/\/paneldeko.com\/wp-content\/uploads\/2022\/12\/700-Windsor-BrownGold_5-150x150.jpeg 150w\" sizes=\"auto, (max-width: 700px) 100vw, 700px\" \/>\t<\/span>\n\t<\/div>\t\t\t<\/a>\n\t\t\t\t\t<\/div>\n\t\t\t\t<div class=\"post-content-bottom\">\n\t\t\t\t\t\t<div class=\"post-metro-content\">\n\t\t\t\t<h3 class=\"post-title\">\n\t<a href=\"https:\/\/paneldeko.com\/tr\/ticari-mekanlar\/\" class=\"normal\">T\u0130CAR\u0130 MEKANLAR<\/a>\n<\/h3>\t\t\t\t\t\t\t\t\t\t\t<\/div>\n\t\t<\/div>\n\t\t\t<\/div>\n<\/article>\n<\/div><div class=\"grid-item metro-item  tp-col-lg-4 tp-col-md-4 tp-col-sm-6 tp-col-6  \"><article id=\"post-7316\" class=\"post-7316 post type-post status-publish format-standard has-post-thumbnail hentry category-residental-projects\">\n\t<div class=\"blog-list-content\">\n\t\t\t\t<div class=\"post-content-image\">\n\t\t\t<a href=\"https:\/\/paneldeko.com\/tr\/yasam-alanlari\/\">\n\t\t\t\t\t<div class=\"blog-featured-image \">\n\t<span class=\"thumb-wrap\">\n\t\t<img loading=\"lazy\" decoding=\"async\" width=\"700\" height=\"700\" src=\"https:\/\/paneldeko.com\/wp-content\/uploads\/2022\/12\/Residential_banner_1-700x700.jpg\" class=\"attachment-tp-image-grid size-tp-image-grid\" alt=\"\" srcset=\"https:\/\/paneldeko.com\/wp-content\/uploads\/2022\/12\/Residential_banner_1-700x700.jpg 700w, https:\/\/paneldeko.com\/wp-content\/uploads\/2022\/12\/Residential_banner_1-150x150.jpg 150w\" sizes=\"auto, (max-width: 700px) 100vw, 700px\" \/>\t<\/span>\n\t<\/div>\t\t\t<\/a>\n\t\t\t\t\t<\/div>\n\t\t\t\t<div class=\"post-content-bottom\">\n\t\t\t\t\t\t<div class=\"post-metro-content\">\n\t\t\t\t<h3 class=\"post-title\">\n\t<a href=\"https:\/\/paneldeko.com\/tr\/yasam-alanlari\/\" class=\"normal\">YA\u015eAM ALANLARI<\/a>\n<\/h3>\t\t\t\t\t\t\t\t\t\t\t<\/div>\n\t\t<\/div>\n\t\t\t<\/div>\n<\/article>\n<\/div><div class=\"grid-item metro-item  tp-col-lg-4 tp-col-md-4 tp-col-sm-6 tp-col-6  \"><article id=\"post-7464\" class=\"post-7464 post type-post status-publish format-standard has-post-thumbnail hentry category-exterior-projects\">\n\t<div class=\"blog-list-content\">\n\t\t\t\t<div class=\"post-content-image\">\n\t\t\t<a href=\"https:\/\/paneldeko.com\/tr\/dis-cephe\/\">\n\t\t\t\t\t<div class=\"blog-featured-image \">\n\t<span class=\"thumb-wrap\">\n\t\t<img loading=\"lazy\" decoding=\"async\" width=\"700\" height=\"700\" src=\"https:\/\/paneldeko.com\/wp-content\/uploads\/2022\/12\/546-Rustic-Brick-Red_2-700x700.jpeg\" class=\"attachment-tp-image-grid size-tp-image-grid\" alt=\"\" srcset=\"https:\/\/paneldeko.com\/wp-content\/uploads\/2022\/12\/546-Rustic-Brick-Red_2-700x700.jpeg 700w, https:\/\/paneldeko.com\/wp-content\/uploads\/2022\/12\/546-Rustic-Brick-Red_2-150x150.jpeg 150w\" sizes=\"auto, (max-width: 700px) 100vw, 700px\" \/>\t<\/span>\n\t<\/div>\t\t\t<\/a>\n\t\t\t\t\t<\/div>\n\t\t\t\t<div class=\"post-content-bottom\">\n\t\t\t\t\t\t<div class=\"post-metro-content\">\n\t\t\t\t<h3 class=\"post-title\">\n\t<a href=\"https:\/\/paneldeko.com\/tr\/dis-cephe\/\" class=\"normal\">DI\u015e CEPHE<\/a>\n<\/h3>\t\t\t\t\t\t\t\t\t\t\t<\/div>\n\t\t<\/div>\n\t\t\t<\/div>\n<\/article>\n<\/div><div class=\"grid-item metro-item  tp-col-lg-4 tp-col-md-4 tp-col-sm-6 tp-col-6  \"><article id=\"post-7466\" class=\"post-7466 post type-post status-publish format-standard has-post-thumbnail hentry category-corners\">\n\t<div class=\"blog-list-content\">\n\t\t\t\t<div class=\"post-content-image\">\n\t\t\t<a href=\"https:\/\/paneldeko.com\/tr\/koseler\/\">\n\t\t\t\t\t<div class=\"blog-featured-image \">\n\t<span class=\"thumb-wrap\">\n\t\t<img loading=\"lazy\" decoding=\"async\" width=\"700\" height=\"700\" src=\"https:\/\/paneldeko.com\/wp-content\/uploads\/2022\/12\/Corners-banner-1-700x700.jpg\" class=\"attachment-tp-image-grid size-tp-image-grid\" alt=\"\" srcset=\"https:\/\/paneldeko.com\/wp-content\/uploads\/2022\/12\/Corners-banner-1-700x700.jpg 700w, https:\/\/paneldeko.com\/wp-content\/uploads\/2022\/12\/Corners-banner-1-150x150.jpg 150w\" sizes=\"auto, (max-width: 700px) 100vw, 700px\" \/>\t<\/span>\n\t<\/div>\t\t\t<\/a>\n\t\t\t\t\t<\/div>\n\t\t\t\t<div class=\"post-content-bottom\">\n\t\t\t\t\t\t<div class=\"post-metro-content\">\n\t\t\t\t<h3 class=\"post-title\">\n\t<a href=\"https:\/\/paneldeko.com\/tr\/koseler\/\" class=\"normal\">K\u00d6\u015eELER<\/a>\n<\/h3>\t\t\t\t\t\t\t\t\t\t\t<\/div>\n\t\t<\/div>\n\t\t\t<\/div>\n<\/article>\n<\/div><div class=\"grid-item metro-item  tp-col-lg-4 tp-col-md-4 tp-col-sm-6 tp-col-6  \"><article id=\"post-7468\" class=\"post-7468 post type-post status-publish format-standard has-post-thumbnail hentry category-archs-curved-surfaces\">\n\t<div class=\"blog-list-content\">\n\t\t\t\t<div class=\"post-content-image\">\n\t\t\t<a href=\"https:\/\/paneldeko.com\/tr\/kemerler-kavisli-yuzeyler\/\">\n\t\t\t\t\t<div class=\"blog-featured-image \">\n\t<span class=\"thumb-wrap\">\n\t\t<img loading=\"lazy\" decoding=\"async\" width=\"700\" height=\"700\" src=\"https:\/\/paneldeko.com\/wp-content\/uploads\/2022\/12\/262-Heritage-Brick-London-Weathered-Stock_9-700x700.jpg\" class=\"attachment-tp-image-grid size-tp-image-grid\" alt=\"\" srcset=\"https:\/\/paneldeko.com\/wp-content\/uploads\/2022\/12\/262-Heritage-Brick-London-Weathered-Stock_9-700x700.jpg 700w, https:\/\/paneldeko.com\/wp-content\/uploads\/2022\/12\/262-Heritage-Brick-London-Weathered-Stock_9-150x150.jpg 150w\" sizes=\"auto, (max-width: 700px) 100vw, 700px\" \/>\t<\/span>\n\t<\/div>\t\t\t<\/a>\n\t\t\t\t\t<\/div>\n\t\t\t\t<div class=\"post-content-bottom\">\n\t\t\t\t\t\t<div class=\"post-metro-content\">\n\t\t\t\t<h3 class=\"post-title\">\n\t<a href=\"https:\/\/paneldeko.com\/tr\/kemerler-kavisli-yuzeyler\/\" class=\"normal\">KEMERLER &#038; KAV\u0130SL\u0130 Y\u00dcZEYLER<\/a>\n<\/h3>\t\t\t\t\t\t\t\t\t\t\t<\/div>\n\t\t<\/div>\n\t\t\t<\/div>\n<\/article>\n<\/div><div class=\"grid-item metro-item  tp-col-lg-4 tp-col-md-4 tp-col-sm-6 tp-col-6  \"><article id=\"post-10016\" class=\"post-10016 post type-post status-publish format-standard has-post-thumbnail hentry category-ceilings-projects\">\n\t<div class=\"blog-list-content\">\n\t\t\t\t<div class=\"post-content-image\">\n\t\t\t<a href=\"https:\/\/paneldeko.com\/tr\/ceilings\/\">\n\t\t\t\t\t<div class=\"blog-featured-image \">\n\t<span class=\"thumb-wrap\">\n\t\t<img loading=\"lazy\" decoding=\"async\" width=\"700\" height=\"700\" src=\"https:\/\/paneldeko.com\/wp-content\/uploads\/2022\/12\/903-Blenheim-BlackBronze_3-700x700.jpg\" class=\"attachment-tp-image-grid size-tp-image-grid\" alt=\"\" srcset=\"https:\/\/paneldeko.com\/wp-content\/uploads\/2022\/12\/903-Blenheim-BlackBronze_3-700x700.jpg 700w, https:\/\/paneldeko.com\/wp-content\/uploads\/2022\/12\/903-Blenheim-BlackBronze_3-150x150.jpg 150w\" sizes=\"auto, (max-width: 700px) 100vw, 700px\" \/>\t<\/span>\n\t<\/div>\t\t\t<\/a>\n\t\t\t\t\t<\/div>\n\t\t\t\t<div class=\"post-content-bottom\">\n\t\t\t\t\t\t<div class=\"post-metro-content\">\n\t\t\t\t<h3 class=\"post-title\">\n\t<a href=\"https:\/\/paneldeko.com\/tr\/ceilings\/\" class=\"normal\">Tavanlar<\/a>\n<\/h3>\t\t\t\t\t\t\t\t\t\t\t<\/div>\n\t\t<\/div>\n\t\t\t<\/div>\n<\/article>\n<\/div><\/div><\/div>\t\t<\/div>\n\t\t\t\t<\/div>\n\t\t\t\t\t<\/div>\n\t\t<\/div>\n\t\t\t\t\t\t\t<\/div>\n\t\t<\/section>\n\t\t\t\t\t\t\t<\/div>\n\t\t","protected":false},"excerpt":{"rendered":"<p>Commercial Residental EXTERIOR CORNERS ARCHS &#038; CURVED SURFACES CEILINGS<\/p>\n","protected":false},"author":1,"featured_media":0,"parent":0,"menu_order":0,"comment_status":"closed","ping_status":"closed","template":"","meta":{"inline_featured_image":false,"footnotes":""},"class_list":["post-8282","page","type-page","status-publish","hentry"],"_links":{"self":[{"href":"https:\/\/paneldeko.com\/tr\/wp-json\/wp\/v2\/pages\/8282","targetHints":{"allow":["GET"]}}],"collection":[{"href":"https:\/\/paneldeko.com\/tr\/wp-json\/wp\/v2\/pages"}],"about":[{"href":"https:\/\/paneldeko.com\/tr\/wp-json\/wp\/v2\/types\/page"}],"author":[{"embeddable":true,"href":"https:\/\/paneldeko.com\/tr\/wp-json\/wp\/v2\/users\/1"}],"replies":[{"embeddable":true,"href":"https:\/\/paneldeko.com\/tr\/wp-json\/wp\/v2\/comments?post=8282"}],"version-history":[{"count":31,"href":"https:\/\/paneldeko.com\/tr\/wp-json\/wp\/v2\/pages\/8282\/revisions"}],"predecessor-version":[{"id":10507,"href":"https:\/\/paneldeko.com\/tr\/wp-json\/wp\/v2\/pages\/8282\/revisions\/10507"}],"wp:attachment":[{"href":"https:\/\/paneldeko.com\/tr\/wp-json\/wp\/v2\/media?parent=8282"}],"curies":[{"name":"wp","href":"https:\/\/api.w.org\/{rel}","templated":true}]}}